{"id":4406,"date":"2025-07-10T14:53:50","date_gmt":"2025-07-10T14:53:50","guid":{"rendered":"https:\/\/www.budaimagus.hu\/?post_type=product&#038;p=4406"},"modified":"2025-07-11T17:29:25","modified_gmt":"2025-07-11T17:29:25","slug":"motivacios-szintek-atdolgozasa-energialegzessel","status":"publish","type":"product","link":"https:\/\/www.budaimagus.hu\/en\/product\/motivacios-szintek-atdolgozasa-energialegzessel\/","title":{"rendered":"Clearing motivation levels with energy breathing"},"content":{"rendered":"<h3>\n\t\t\t\t\t\t\tWelcome!<br \/>\t<br \/>\n\t\t\t\t\t<\/h3>\n<p>\n\t\t\t\t\t\tClick on the Curriculum tab to start! I wish you a great journey!\t\t\t\t\t<\/p>","protected":false},"excerpt":{"rendered":"<p>\u2705 Nyolc r\u00e9szes online tanfolyam a motiv\u00e1ci\u00f3s szintjeink megfelel\u0151 m\u0171k\u00f6dtet\u00e9s\u00e9\u00e9rt &#8211; aktiv\u00e1l\u00e1s, tiszt\u00edt\u00e1s\/\u00e1tdolgoz\u00e1s \u00e9s stabil m\u0171k\u00f6dtet\u00e9s\u00a0<br \/>\n\u2705 A szintekhez tartoz\u00f3 \u00f6r\u00f6m \u00e9rzetek megtapasztal\u00e1sa \u00e9s az ehhez tartoz\u00f3 szerepk\u00f6reink megismer\u00e9se<br \/>\n\u2705 Bevezet\u0151 t\u00e1j\u00e9koztat\u00f3 hangfelv\u00e9tel<br \/>\n\u2705 K\u00f6nnyen k\u00f6vethet\u0151 energial\u00e9gz\u00e9s hangfelv\u00e9tel<\/p>","protected":false},"featured_media":4421,"template":"","meta":{"site-sidebar-layout":"default","site-content-layout":"","ast-site-content-layout":"default","site-content-style":"default","site-sidebar-style":"default","ast-global-header-display":"","ast-banner-title-visibility":"","ast-main-header-display":"","ast-hfb-above-header-display":"","ast-hfb-below-header-display":"","ast-hfb-mobile-header-display":"","site-post-title":"","ast-breadcrumbs-content":"","ast-featured-img":"","footer-sml-layout":"","ast-disable-related-posts":"","theme-transparent-header-meta":"default","adv-header-id-meta":"","stick-header-meta":"","header-above-stick-meta":"","header-main-stick-meta":"","header-below-stick-meta":"","astra-migrate-meta-layouts":"set","ast-page-background-enabled":"default","ast-page-background-meta":{"desktop":{"background-color":"var(--ast-global-color-4)","background-image":"","background-repeat":"repeat","background-position":"center center","background-size":"auto","background-attachment":"scroll","background-type":"","background-media":"","overlay-type":"","overlay-color":"","overlay-opacity":"","overlay-gradient":""},"tablet":{"background-color":"","background-image":"","background-repeat":"repeat","background-position":"center center","background-size":"auto","background-attachment":"scroll","background-type":"","background-media":"","overlay-type":"","overlay-color":"","overlay-opacity":"","overlay-gradient":""},"mobile":{"background-color":"","background-image":"","background-repeat":"repeat","background-position":"center center","background-size":"auto","background-attachment":"scroll","background-type":"","background-media":"","overlay-type":"","overlay-color":"","overlay-opacity":"","overlay-gradient":""}},"ast-content-background-meta":{"desktop":{"background-color":"var(--ast-global-color-5)","background-image":"","background-repeat":"repeat","background-position":"center center","background-size":"auto","background-attachment":"scroll","background-type":"","background-media":"","overlay-type":"","overlay-color":"","overlay-opacity":"","overlay-gradient":""},"tablet":{"background-color":"var(--ast-global-color-5)","background-image":"","background-repeat":"repeat","background-position":"center center","background-size":"auto","background-attachment":"scroll","background-type":"","background-media":"","overlay-type":"","overlay-color":"","overlay-opacity":"","overlay-gradient":""},"mobile":{"background-color":"var(--ast-global-color-5)","background-image":"","background-repeat":"repeat","background-position":"center center","background-size":"auto","background-attachment":"scroll","background-type":"","background-media":"","overlay-type":"","overlay-color":"","overlay-opacity":"","overlay-gradient":""}}},"product_brand":[],"product_cat":[35],"product_tag":[],"class_list":{"0":"post-4406","1":"product","2":"type-product","3":"status-publish","4":"has-post-thumbnail","6":"product_cat-gyogyulas","7":"desktop-align-left","8":"tablet-align-left","9":"mobile-align-left","11":"first","12":"instock","13":"virtual","14":"sold-individually","15":"taxable","16":"purchasable","17":"product-type-simple"},"_links":{"self":[{"href":"https:\/\/www.budaimagus.hu\/en\/wp-json\/wp\/v2\/product\/4406","targetHints":{"allow":["GET"]}}],"collection":[{"href":"https:\/\/www.budaimagus.hu\/en\/wp-json\/wp\/v2\/product"}],"about":[{"href":"https:\/\/www.budaimagus.hu\/en\/wp-json\/wp\/v2\/types\/product"}],"version-history":[{"count":0,"href":"https:\/\/www.budaimagus.hu\/en\/wp-json\/wp\/v2\/product\/4406\/revisions"}],"wp:featuredmedia":[{"embeddable":true,"href":"https:\/\/www.budaimagus.hu\/en\/wp-json\/wp\/v2\/media\/4421"}],"wp:attachment":[{"href":"https:\/\/www.budaimagus.hu\/en\/wp-json\/wp\/v2\/media?parent=4406"}],"wp:term":[{"taxonomy":"product_brand","embeddable":true,"href":"https:\/\/www.budaimagus.hu\/en\/wp-json\/wp\/v2\/product_brand?post=4406"},{"taxonomy":"product_cat","embeddable":true,"href":"https:\/\/www.budaimagus.hu\/en\/wp-json\/wp\/v2\/product_cat?post=4406"},{"taxonomy":"product_tag","embeddable":true,"href":"https:\/\/www.budaimagus.hu\/en\/wp-json\/wp\/v2\/product_tag?post=4406"}],"curies":[{"name":"wp","href":"https:\/\/api.w.org\/{rel}","templated":true}]}}